{"id":34885,"date":"2025-03-05T14:05:43","date_gmt":"2025-03-05T14:05:43","guid":{"rendered":"https:\/\/uyarotelekipmanlari.com\/%d9%85%d8%ae%d8%aa%d8%a8%d8%b1-%d8%ba%d8%b3%d8%a7%d9%84%d8%a9-%d8%a7%d9%84%d8%b3%d8%ac%d8%a7%d8%af\/"},"modified":"2025-03-05T14:05:43","modified_gmt":"2025-03-05T14:05:43","slug":"%d9%85%d8%ae%d8%aa%d8%a8%d8%b1-%d8%ba%d8%b3%d8%a7%d9%84%d8%a9-%d8%a7%d9%84%d8%b3%d8%ac%d8%a7%d8%af","status":"publish","type":"product","link":"https:\/\/uyarotelekipmanlari.com\/ar\/%d9%85%d8%ae%d8%aa%d8%a8%d8%b1-%d8%ba%d8%b3%d8%a7%d9%84%d8%a9-%d8%a7%d9%84%d8%b3%d8%ac%d8%a7%d8%af\/","title":{"rendered":"\u0645\u062e\u062a\u0628\u0631 \u063a\u0633\u0627\u0644\u0629 \u0627\u0644\u0633\u062c\u0627\u062f"},"content":{"rendered":"<h2>\u0627\u0644\u0645\u0648\u0627\u0635\u0641\u0627\u062a \u0627\u0644\u0641\u0646\u064a\u0629<\/h2>\n<ul>\n<li><strong>\u0627\u0644\u062c\u0647\u062f &#8211; \u0627\u0644\u062a\u0631\u062f\u062f:<\/strong> 220 &#8211; 230 \u0641\u0648\u0644\u062a \/ 50 &#8211; 60 \u0647\u0631\u062a\u0632<\/li>\n<li><strong>\u0627\u0644\u0637\u0627\u0642\u0629<\/strong> 2300 W<\/li>\n<li><strong>\u0637\u0648\u0644 \u0643\u0627\u0628\u0644 \u0627\u0644\u0637\u0627\u0642\u0629:<\/strong> 18 M<\/li>\n<li><strong>\u0633\u0631\u0639\u0629 \u0641\u0631\u0634\u0627\u0629 \u0627\u0644\u0623\u0633\u0637\u0648\u0627\u0646\u0629:<\/strong> 1400 \u062f\u0648\u0631\u0629 \u0641\u064a \u0627\u0644\u062f\u0642\u064a\u0642\u0629<\/li>\n<li><strong>\u0645\u062d\u0631\u0643 \u0627\u0644\u0627\u0633\u0637\u0648\u0627\u0646\u0629<\/strong> 150 W<\/li>\n<li><strong>\u0639\u0631\u0636 \u0627\u0644\u0628\u0643\u0631\u0629:<\/strong> 400 \u0645\u0645<\/li>\n<li><strong>\u0645\u062d\u0631\u0643 \u0634\u0641\u0637<\/strong> 1000 \u0648\u0627\u0637 \u00d7 2<\/li>\n<li><strong>\u0639\u0631\u0636 \u0627\u0644\u0645\u0627\u0633\u062d\u0629:<\/strong> 460 \u0645\u0645<\/li>\n<li><strong>\u062f\u0631\u062c\u0629 \u0627\u0644\u062a\u0641\u0631\u064a\u063a:<\/strong> 34 \u0643\u064a\u0644\u0648 \u0628\u0627\u0633\u0643\u0627\u0644<\/li>\n<li><strong>\u062d\u062c\u0645 \u0627\u0644\u0647\u0648\u0627\u0621<\/strong> 335 M\u00b3<\/li>\n<li><strong>\u0645\u0636\u062e\u0629 \u0645\u064a\u0627\u0647<\/strong> 130 W<\/li>\n<li><strong>\u0636\u063a\u0637 \u0627\u0644\u0645\u0627\u0621<\/strong> 120 \u0631\u0637\u0644 \u0644\u0643\u0644 \u0628\u0648\u0635\u0629 \u0645\u0631\u0628\u0639\u0629<\/li>\n<li><strong>\u062e\u0632\u0627\u0646 \u0645\u064a\u0627\u0647 \u0646\u0638\u064a\u0641<\/strong> 21 L<\/li>\n<li><strong>\u062e\u0632\u0627\u0646 \u0645\u064a\u0627\u0647 \u0642\u0630\u0631\u0629<\/strong> 38 L<\/li>\n<li><strong>\u062d\u062c\u0645 \u0627\u0644\u0645\u0646\u062a\u062c:<\/strong> 111 \u00d7 55 \u00d7 55 \u00d7 94.5 \u0633\u0645<\/li>\n<li><strong>\u0627\u0644\u0648\u0632\u0646 \u0627\u0644\u0625\u062c\u0645\u0627\u0644\u064a:<\/strong> 65 \u0643\u062c\u0645<\/li>\n<li><strong>\u0627\u0644\u0648\u0632\u0646 \u0627\u0644\u0635\u0627\u0641\u064a:<\/strong> 46.2 \u0643\u062c\u0645<\/li>\n<\/ul>\n","protected":false},"excerpt":{"rendered":"<p>\u0627\u0644\u0645\u0648\u0627\u0635\u0641\u0627\u062a \u0627\u0644\u0641\u0646\u064a\u0629 \u0627\u0644\u062c\u0647\u062f &#8211; \u0627\u0644\u062a\u0631\u062f\u062f: 220 &#8211; 230 \u0641\u0648\u0644\u062a \/ 50 &#8211; 60 \u0647\u0631\u062a\u0632 \u0627\u0644\u0637\u0627\u0642\u0629 2300 W \u0637\u0648\u0644 \u0643\u0627\u0628\u0644 \u0627\u0644\u0637\u0627\u0642\u0629:<\/p>\n","protected":false},"featured_media":33000,"comment_status":"open","ping_status":"closed","template":"","meta":[],"product_brand":[],"product_cat":[370,358],"product_tag":[],"class_list":{"0":"post-34885","1":"product","2":"type-product","3":"status-publish","4":"has-post-thumbnail","6":"product_cat-370","7":"product_cat-358","9":"first","10":"instock","11":"shipping-taxable","12":"product-type-simple"},"_links":{"self":[{"href":"https:\/\/uyarotelekipmanlari.com\/ar\/wp-json\/wp\/v2\/product\/34885","targetHints":{"allow":["GET"]}}],"collection":[{"href":"https:\/\/uyarotelekipmanlari.com\/ar\/wp-json\/wp\/v2\/product"}],"about":[{"href":"https:\/\/uyarotelekipmanlari.com\/ar\/wp-json\/wp\/v2\/types\/product"}],"replies":[{"embeddable":true,"href":"https:\/\/uyarotelekipmanlari.com\/ar\/wp-json\/wp\/v2\/comments?post=34885"}],"version-history":[{"count":0,"href":"https:\/\/uyarotelekipmanlari.com\/ar\/wp-json\/wp\/v2\/product\/34885\/revisions"}],"wp:featuredmedia":[{"embeddable":true,"href":"https:\/\/uyarotelekipmanlari.com\/ar\/wp-json\/wp\/v2\/media\/33000"}],"wp:attachment":[{"href":"https:\/\/uyarotelekipmanlari.com\/ar\/wp-json\/wp\/v2\/media?parent=34885"}],"wp:term":[{"taxonomy":"product_brand","embeddable":true,"href":"https:\/\/uyarotelekipmanlari.com\/ar\/wp-json\/wp\/v2\/product_brand?post=34885"},{"taxonomy":"product_cat","embeddable":true,"href":"https:\/\/uyarotelekipmanlari.com\/ar\/wp-json\/wp\/v2\/product_cat?post=34885"},{"taxonomy":"product_tag","embeddable":true,"href":"https:\/\/uyarotelekipmanlari.com\/ar\/wp-json\/wp\/v2\/product_tag?post=34885"}],"curies":[{"name":"wp","href":"https:\/\/api.w.org\/{rel}","templated":true}]}}