{"id":34992,"date":"2025-03-05T12:46:52","date_gmt":"2025-03-05T12:46:52","guid":{"rendered":"https:\/\/uyarotelekipmanlari.com\/%d8%aa%d8%ac%d9%85%d9%8a%d8%b9-%d9%81%d8%b1%d8%b4%d8%a7%d8%a9-%d9%85%d9%82%d8%b9%d8%af-%d8%a7%d9%84%d9%85%d8%b1%d8%ad%d8%a7%d8%b6\/"},"modified":"2025-03-05T12:46:52","modified_gmt":"2025-03-05T12:46:52","slug":"%d8%aa%d8%ac%d9%85%d9%8a%d8%b9-%d9%81%d8%b1%d8%b4%d8%a7%d8%a9-%d9%85%d9%82%d8%b9%d8%af-%d8%a7%d9%84%d9%85%d8%b1%d8%ad%d8%a7%d8%b6","status":"publish","type":"product","link":"https:\/\/uyarotelekipmanlari.com\/ar\/%d8%aa%d8%ac%d9%85%d9%8a%d8%b9-%d9%81%d8%b1%d8%b4%d8%a7%d8%a9-%d9%85%d9%82%d8%b9%d8%af-%d8%a7%d9%84%d9%85%d8%b1%d8%ad%d8%a7%d8%b6\/","title":{"rendered":"\u062a\u062c\u0645\u064a\u0639 \u0641\u0631\u0634\u0627\u0629 \u0645\u0642\u0639\u062f \u0627\u0644\u0645\u0631\u062d\u0627\u0636"},"content":{"rendered":"<p>280 \u00d7 110 \u00d7 120 \u00d7 120 \u0645\u0645400 \u062c\u0645  <\/p>\n","protected":false},"excerpt":{"rendered":"<p>280 \u00d7 110 \u00d7 120 \u00d7 120 \u0645\u0645400 \u062c\u0645  <\/p>\n","protected":false},"featured_media":32643,"comment_status":"open","ping_status":"closed","template":"","meta":[],"product_brand":[],"product_cat":[402,394],"product_tag":[],"class_list":{"0":"post-34992","1":"product","2":"type-product","3":"status-publish","4":"has-post-thumbnail","6":"product_cat-402","7":"product_cat-394","9":"first","10":"instock","11":"shipping-taxable","12":"product-type-simple"},"_links":{"self":[{"href":"https:\/\/uyarotelekipmanlari.com\/ar\/wp-json\/wp\/v2\/product\/34992","targetHints":{"allow":["GET"]}}],"collection":[{"href":"https:\/\/uyarotelekipmanlari.com\/ar\/wp-json\/wp\/v2\/product"}],"about":[{"href":"https:\/\/uyarotelekipmanlari.com\/ar\/wp-json\/wp\/v2\/types\/product"}],"replies":[{"embeddable":true,"href":"https:\/\/uyarotelekipmanlari.com\/ar\/wp-json\/wp\/v2\/comments?post=34992"}],"version-history":[{"count":0,"href":"https:\/\/uyarotelekipmanlari.com\/ar\/wp-json\/wp\/v2\/product\/34992\/revisions"}],"wp:featuredmedia":[{"embeddable":true,"href":"https:\/\/uyarotelekipmanlari.com\/ar\/wp-json\/wp\/v2\/media\/32643"}],"wp:attachment":[{"href":"https:\/\/uyarotelekipmanlari.com\/ar\/wp-json\/wp\/v2\/media?parent=34992"}],"wp:term":[{"taxonomy":"product_brand","embeddable":true,"href":"https:\/\/uyarotelekipmanlari.com\/ar\/wp-json\/wp\/v2\/product_brand?post=34992"},{"taxonomy":"product_cat","embeddable":true,"href":"https:\/\/uyarotelekipmanlari.com\/ar\/wp-json\/wp\/v2\/product_cat?post=34992"},{"taxonomy":"product_tag","embeddable":true,"href":"https:\/\/uyarotelekipmanlari.com\/ar\/wp-json\/wp\/v2\/product_tag?post=34992"}],"curies":[{"name":"wp","href":"https:\/\/api.w.org\/{rel}","templated":true}]}}