{"id":35518,"date":"2025-03-05T06:59:37","date_gmt":"2025-03-05T06:59:37","guid":{"rendered":"https:\/\/uyarotelekipmanlari.com\/%d8%b5%d9%8a%d9%86%d9%8a%d8%a9-%d8%aa%d8%b1%d8%ad%d9%8a%d8%a8-%d9%85%d9%85%d8%aa%d8%a7%d8%b2%d8%a9\/"},"modified":"2025-03-05T06:59:37","modified_gmt":"2025-03-05T06:59:37","slug":"%d8%b5%d9%8a%d9%86%d9%8a%d8%a9-%d8%aa%d8%b1%d8%ad%d9%8a%d8%a8-%d9%85%d9%85%d8%aa%d8%a7%d8%b2%d8%a9","status":"publish","type":"product","link":"https:\/\/uyarotelekipmanlari.com\/ar\/%d8%b5%d9%8a%d9%86%d9%8a%d8%a9-%d8%aa%d8%b1%d8%ad%d9%8a%d8%a8-%d9%85%d9%85%d8%aa%d8%a7%d8%b2%d8%a9\/","title":{"rendered":"\u0635\u064a\u0646\u064a\u0629 \u062a\u0631\u062d\u064a\u0628 \u0645\u0645\u062a\u0627\u0632\u0629"},"content":{"rendered":"<h3>\u0635\u064a\u0646\u064a\u0629 \u062a\u0631\u062d\u064a\u0628 \u062e\u0634\u0628\u064a\u0629 \u0641\u0627\u062e\u0631\u0629  <\/h3>\n<ul>\n<li><strong>\u0644\u0648\u062d \u0645\u0646 \u062e\u0634\u0628 \u0627\u0644\u0632\u0627\u0646 \u0627\u0644\u0635\u0644\u0628<\/strong><\/li>\n<li>2 \u0643\u0648\u0628\u064a\u0646 &#8211; 4 \u062d\u062c\u0631\u0627\u062a \u0644\u0644\u0645\u0648\u0627\u062f<\/li>\n<li>\u0633\u0647\u0644\u0629 \u0627\u0644\u062a\u0646\u0638\u064a\u0641 \u0628\u0641\u0636\u0644 \u0639\u0645\u0644\u064a\u0629 \u0646\u0635\u0641 \u0627\u0644\u0642\u0637\u0631<\/li>\n<li>\u0623\u0642\u062f\u0627\u0645 \u063a\u064a\u0631 \u0642\u0627\u0628\u0644\u0629 \u0644\u0644\u0627\u0646\u0632\u0644\u0627\u0642<\/li>\n<li><strong>\u0627\u0644\u0623\u0628\u0639\u0627\u062f (\u0627\u0644\u0639\u0631\u0636 \u00d7 \u0627\u0644\u0627\u0631\u062a\u0641\u0627\u0639 \u00d7 \u0627\u0644\u0639\u0645\u0642):<\/strong> 550 \u00d7 30 \u00d7 30 \u00d7 240 \u0645\u0645<\/li>\n<\/ul>\n","protected":false},"excerpt":{"rendered":"<p>\u0635\u064a\u0646\u064a\u0629 \u062a\u0631\u062d\u064a\u0628 \u0645\u0646 \u0627\u0644\u062e\u0634\u0628 \u0627\u0644\u0641\u0627\u062e\u0631 \u0644\u0648\u062d \u062e\u0634\u0628 \u0627\u0644\u0632\u0627\u0646 \u0627\u0644\u0635\u0644\u06282 \u0623\u0643\u0648\u0627\u0628 &#8211; 4 \u062d\u062c\u0631\u0627\u062a \u0644\u0644\u0645\u0648\u0627\u062f&#8230;<\/p>\n","protected":false},"featured_media":31788,"comment_status":"open","ping_status":"closed","template":"","meta":[],"product_brand":[],"product_cat":[479,195],"product_tag":[],"class_list":{"0":"post-35518","1":"product","2":"type-product","3":"status-publish","4":"has-post-thumbnail","6":"product_cat-479","7":"product_cat-195","9":"first","10":"instock","11":"shipping-taxable","12":"product-type-simple"},"_links":{"self":[{"href":"https:\/\/uyarotelekipmanlari.com\/ar\/wp-json\/wp\/v2\/product\/35518","targetHints":{"allow":["GET"]}}],"collection":[{"href":"https:\/\/uyarotelekipmanlari.com\/ar\/wp-json\/wp\/v2\/product"}],"about":[{"href":"https:\/\/uyarotelekipmanlari.com\/ar\/wp-json\/wp\/v2\/types\/product"}],"replies":[{"embeddable":true,"href":"https:\/\/uyarotelekipmanlari.com\/ar\/wp-json\/wp\/v2\/comments?post=35518"}],"version-history":[{"count":0,"href":"https:\/\/uyarotelekipmanlari.com\/ar\/wp-json\/wp\/v2\/product\/35518\/revisions"}],"wp:featuredmedia":[{"embeddable":true,"href":"https:\/\/uyarotelekipmanlari.com\/ar\/wp-json\/wp\/v2\/media\/31788"}],"wp:attachment":[{"href":"https:\/\/uyarotelekipmanlari.com\/ar\/wp-json\/wp\/v2\/media?parent=35518"}],"wp:term":[{"taxonomy":"product_brand","embeddable":true,"href":"https:\/\/uyarotelekipmanlari.com\/ar\/wp-json\/wp\/v2\/product_brand?post=35518"},{"taxonomy":"product_cat","embeddable":true,"href":"https:\/\/uyarotelekipmanlari.com\/ar\/wp-json\/wp\/v2\/product_cat?post=35518"},{"taxonomy":"product_tag","embeddable":true,"href":"https:\/\/uyarotelekipmanlari.com\/ar\/wp-json\/wp\/v2\/product_tag?post=35518"}],"curies":[{"name":"wp","href":"https:\/\/api.w.org\/{rel}","templated":true}]}}