{"id":36056,"date":"2025-10-02T09:56:44","date_gmt":"2025-10-02T09:56:44","guid":{"rendered":"https:\/\/uyarotelekipmanlari.com\/?post_type=product&#038;p=36056"},"modified":"2026-03-12T08:47:57","modified_gmt":"2026-03-12T08:47:57","slug":"yemek-servis-hatlari-kare-kuvetli-kuver-uniteli","status":"publish","type":"product","link":"https:\/\/uyarotelekipmanlari.com\/ar\/yemek-servis-hatlari-kare-kuvetli-kuver-uniteli\/","title":{"rendered":"YEMEK SERV\u0130S HATLARI KARE K\u00dcVETL\u0130 K\u00dcVER \u00dcN\u0130TEL\u0130"},"content":{"rendered":"<p class=\"p1\">\u00c7ORBALIKLI, KARE K\u00dcVETL\u0130<\/p>\n<p class=\"p1\">K\u00dcVER \u00dcN\u0130TEL\u0130<\/p>\n<p class=\"p1\">TEPS\u0130 KAYDIRMALI<\/p>\n<p class=\"p1\">\u00d6N AH\u015eAP DEKOR<\/p>\n<p class=\"p1\">\u0130STEN\u0130LEN \u00d6L\u00c7\u00dcDE \u00dcRET\u0130M \u0130MKANI<\/p>\n","protected":false},"excerpt":{"rendered":"<p class=\"p1\">\u00c7ORBALIKLI, KARE K\u00dcVETL\u0130<\/p>\n<p class=\"p1\">K\u00dcVER \u00dcN\u0130TEL\u0130<\/p>\n<p class=\"p1\">TEPS\u0130 KAYDIRMALI<\/p>\n<p class=\"p1\">\u00d6N AH\u015eAP DEKOR<\/p>\n<p class=\"p1\">\u0130STEN\u0130LEN \u00d6L\u00c7\u00dcDE \u00dcRET\u0130M \u0130MKANI<\/p>\n","protected":false},"featured_media":36057,"comment_status":"open","ping_status":"closed","template":"","meta":[],"product_brand":[],"product_cat":[506,78],"product_tag":[],"class_list":{"0":"post-36056","1":"product","2":"type-product","3":"status-publish","4":"has-post-thumbnail","6":"product_cat-endustriyel-otel-ekipmaniari","7":"product_cat-mutfak-ekipmanlari","9":"first","10":"instock","11":"shipping-taxable","12":"product-type-simple"},"_links":{"self":[{"href":"https:\/\/uyarotelekipmanlari.com\/ar\/wp-json\/wp\/v2\/product\/36056","targetHints":{"allow":["GET"]}}],"collection":[{"href":"https:\/\/uyarotelekipmanlari.com\/ar\/wp-json\/wp\/v2\/product"}],"about":[{"href":"https:\/\/uyarotelekipmanlari.com\/ar\/wp-json\/wp\/v2\/types\/product"}],"replies":[{"embeddable":true,"href":"https:\/\/uyarotelekipmanlari.com\/ar\/wp-json\/wp\/v2\/comments?post=36056"}],"version-history":[{"count":1,"href":"https:\/\/uyarotelekipmanlari.com\/ar\/wp-json\/wp\/v2\/product\/36056\/revisions"}],"predecessor-version":[{"id":36061,"href":"https:\/\/uyarotelekipmanlari.com\/ar\/wp-json\/wp\/v2\/product\/36056\/revisions\/36061"}],"wp:featuredmedia":[{"embeddable":true,"href":"https:\/\/uyarotelekipmanlari.com\/ar\/wp-json\/wp\/v2\/media\/36057"}],"wp:attachment":[{"href":"https:\/\/uyarotelekipmanlari.com\/ar\/wp-json\/wp\/v2\/media?parent=36056"}],"wp:term":[{"taxonomy":"product_brand","embeddable":true,"href":"https:\/\/uyarotelekipmanlari.com\/ar\/wp-json\/wp\/v2\/product_brand?post=36056"},{"taxonomy":"product_cat","embeddable":true,"href":"https:\/\/uyarotelekipmanlari.com\/ar\/wp-json\/wp\/v2\/product_cat?post=36056"},{"taxonomy":"product_tag","embeddable":true,"href":"https:\/\/uyarotelekipmanlari.com\/ar\/wp-json\/wp\/v2\/product_tag?post=36056"}],"curies":[{"name":"wp","href":"https:\/\/api.w.org\/{rel}","templated":true}]}}