{"id":34925,"date":"2025-03-05T13:26:03","date_gmt":"2025-03-05T13:26:03","guid":{"rendered":"https:\/\/uyarotelekipmanlari.com\/procart-318\/"},"modified":"2025-03-05T13:26:03","modified_gmt":"2025-03-05T13:26:03","slug":"procart-318","status":"publish","type":"product","link":"https:\/\/uyarotelekipmanlari.com\/en\/procart-318\/","title":{"rendered":"Procart 318"},"content":{"rendered":"<h2>Procart 318<\/h2>\n<p>It provides practicality and standard in cleaning services of businesses such as shopping centers, hospitals, schools, dormitories, factories, restaurants, hotels, residences. It is resistant to burrs thanks to its silent, cushioned and braked wheels that can move easily. It offers fixing on inclined planes with braked wheels. With its flexible features, it allows you to do your cleaning work quickly and practically. It makes your work easier with its production in international standards, modular and ergonomic structure. With its optional accessory, it offers the opportunity to use your waste compartment as 2 x 60 liters. The complete body structure is made of plastic, allowing indoor and outdoor use, it is not affected by cleaning with water in any way and does not rust, chemical and heat resistant Poly Propylene material is used in the raw material of the product. The four-sided closed cabinet compartment that can be opened from two sides and the shelf system with tray offers the opportunity to store and store your cleaning supplies. Thanks to the accessory set included, you will experience ease of use in your cleaning works. The module also offers 120 liters of waste collection to its users. It provides ease of use thanks to garbage bag locks. Thanks to the waste classification color labels and task chart on the garbage cover, it offers a hygienic and healthy cleaning opportunity in international standards by providing classification and supervision for different areas.           <\/p>\n<h2>General Features<\/h2>\n<table border=\"1\" cellspacing=\"0\" cellpadding=\"5\">\n<tr>\n<th><strong>PRODUCT BODY STRUCTURE<br \/>\n<\/strong><\/th>\n<td>CPP BODY<\/td>\n<\/tr>\n<tr>\n<th><strong>PRODUCT BODY THICKNESS<br \/>\n<\/strong><\/th>\n<td>6 mm<\/td>\n<\/tr>\n<tr>\n<th><strong>PRODUCT DIMENSIONS (WIDTH, LENGTH, HEIGHT)<br \/>\n<\/strong><\/th>\n<td>62 x 138 x 126 cm<\/td>\n<\/tr>\n<tr>\n<th><strong>PRODUCT WEIGHT<br \/>\n<\/strong><\/th>\n<td>32.1 kg<\/td>\n<\/tr>\n<tr>\n<th><strong>TRANSPORT CAPACITY<br \/>\n<\/strong><\/th>\n<td>190 kg<\/td>\n<\/tr>\n<tr>\n<th><strong>GARBAGE COMPARTMENT FEATURE<br \/>\n<\/strong><\/th>\n<td>IMPERTEX 420 TARPAULIN<\/td>\n<\/tr>\n<tr>\n<th><strong>GARBAGE COMPARTMENT VOLUME<br \/>\n<\/strong><\/th>\n<td>120 lt<\/td>\n<\/tr>\n<tr>\n<th><strong>TRASH COVER<br \/>\n<\/strong><\/th>\n<td>GARBAGE LID WITH DUTY CHART, COLOR LABEL TO CLASSIFY WASTE<\/td>\n<\/tr>\n<tr>\n<th><strong>WHEELS<br \/>\n<\/strong><\/th>\n<td>4 X \u00d8100 mm WITH BRAKE, 2 X \u00d8100 mm WITHOUT BRAKE, 1 X \u00d8100 mm MEDIUM, BODY PLASTIC, BACK RUBBER AND BUMPING<\/td>\n<\/tr>\n<tr>\n<th><strong>CABINET STRUCTURE<br \/>\n<\/strong><\/th>\n<td>CLOSED ON 4 SIDES CLOSING THE SHELF COMPARTMENTS<\/td>\n<\/tr>\n<tr>\n<th><strong>CABINET DOORS<br \/>\n<\/strong><\/th>\n<td>2 X MOVABLE LOCKING LID, 2 X FIXED LID<\/td>\n<\/tr>\n<tr>\n<th><strong>NUMBER OF SHELVES<br \/>\n<\/strong><\/th>\n<td>4<\/td>\n<\/tr>\n<tr>\n<th><strong>SHELF STRUCTURE<br \/>\n<\/strong><\/th>\n<td>1 LOWER SHELF CLOSED ON 4 SIDES WITH CABINET, 1 TRAY TYPE SHELF AND 1 UPPER SHELF OPEN ON 4 SIDES<\/td>\n<\/tr>\n<tr>\n<th><strong>PUSH HANDLE<br \/>\n<\/strong><\/th>\n<td>FIXED TO THE BODY ON ONE SIDE<\/td>\n<\/tr>\n<tr>\n<th><strong>PRESS BUCKET<br \/>\n<\/strong><\/th>\n<td>2 x 25 lt<\/td>\n<\/tr>\n<tr>\n<th><strong>PRES<br \/>\n<\/strong><\/th>\n<td>1 x VERTICAL PRESS<\/td>\n<\/tr>\n<\/table>\n","protected":false},"excerpt":{"rendered":"<p>Procart 318<\/p>\n","protected":false},"featured_media":36955,"comment_status":"open","ping_status":"closed","template":"","meta":[],"product_brand":[],"product_cat":[377,360],"product_tag":[],"class_list":{"0":"post-34925","1":"product","2":"type-product","3":"status-publish","4":"has-post-thumbnail","6":"product_cat-cleaning-trolley","7":"product_cat-floor-equipment","9":"first","10":"instock","11":"shipping-taxable","12":"product-type-simple"},"_links":{"self":[{"href":"https:\/\/uyarotelekipmanlari.com\/en\/wp-json\/wp\/v2\/product\/34925","targetHints":{"allow":["GET"]}}],"collection":[{"href":"https:\/\/uyarotelekipmanlari.com\/en\/wp-json\/wp\/v2\/product"}],"about":[{"href":"https:\/\/uyarotelekipmanlari.com\/en\/wp-json\/wp\/v2\/types\/product"}],"replies":[{"embeddable":true,"href":"https:\/\/uyarotelekipmanlari.com\/en\/wp-json\/wp\/v2\/comments?post=34925"}],"version-history":[{"count":0,"href":"https:\/\/uyarotelekipmanlari.com\/en\/wp-json\/wp\/v2\/product\/34925\/revisions"}],"wp:featuredmedia":[{"embeddable":true,"href":"https:\/\/uyarotelekipmanlari.com\/en\/wp-json\/wp\/v2\/media\/36955"}],"wp:attachment":[{"href":"https:\/\/uyarotelekipmanlari.com\/en\/wp-json\/wp\/v2\/media?parent=34925"}],"wp:term":[{"taxonomy":"product_brand","embeddable":true,"href":"https:\/\/uyarotelekipmanlari.com\/en\/wp-json\/wp\/v2\/product_brand?post=34925"},{"taxonomy":"product_cat","embeddable":true,"href":"https:\/\/uyarotelekipmanlari.com\/en\/wp-json\/wp\/v2\/product_cat?post=34925"},{"taxonomy":"product_tag","embeddable":true,"href":"https:\/\/uyarotelekipmanlari.com\/en\/wp-json\/wp\/v2\/product_tag?post=34925"}],"curies":[{"name":"wp","href":"https:\/\/api.w.org\/{rel}","templated":true}]}}