{"id":34928,"date":"2025-03-05T13:24:18","date_gmt":"2025-03-05T13:24:18","guid":{"rendered":"https:\/\/uyarotelekipmanlari.com\/procart-1364\/"},"modified":"2025-03-05T13:24:18","modified_gmt":"2025-03-05T13:24:18","slug":"procart-1364","status":"publish","type":"product","link":"https:\/\/uyarotelekipmanlari.com\/en\/procart-1364\/","title":{"rendered":"Procart 1364"},"content":{"rendered":"<h2>Procart 1364<\/h2>\n<p>Provides practicality and standards in the transportation of medical supplies and collection of medical waste in hospitals and various health institutions. It is resistant to burrs thanks to its silent, cushioned and braked wheels that can move easily. It offers the possibility of fixing on inclined planes with braked wheels. It makes your work easier with its production in international standards, modular and ergonomic structure. With its optional accessory, it offers the opportunity to use your waste compartment as 2 x 60 liters. The complete body structure is made of plastic, allowing indoor and outdoor use, it is not affected by cleaning with water in any way and does not rust, the raw material of the product is Poly Propylene material resistant to chemical substances and heat.      <\/p>\n<h2>General Features<\/h2>\n<table border=\"1\" cellspacing=\"0\" cellpadding=\"5\">\n<tr>\n<th><strong>PRODUCT BODY STRUCTURE<br \/>\n<\/strong><\/th>\n<td>CPP BODY<\/td>\n<\/tr>\n<tr>\n<th><strong>PRODUCT BODY THICKNESS<br \/>\n<\/strong><\/th>\n<td>6 mm<\/td>\n<\/tr>\n<tr>\n<th><strong>PRODUCT DIMENSIONS (WIDTH, LENGTH, HEIGHT)<br \/>\n<\/strong><\/th>\n<td>62 x 175 x 108 cm<\/td>\n<\/tr>\n<tr>\n<th><strong>PRODUCT WEIGHT<br \/>\n<\/strong><\/th>\n<td>44.3 kg<\/td>\n<\/tr>\n<tr>\n<th><strong>TRANSPORT CAPACITY<br \/>\n<\/strong><\/th>\n<td>200 kg<\/td>\n<\/tr>\n<tr>\n<th><strong>WHEELS<br \/>\n<\/strong><\/th>\n<td>2 X \u00d8100 mm with brakes, 6 X \u00d8100 mm without brakes, BODY PLASTIC, BACK RUBBER AND BUMPING<\/td>\n<\/tr>\n<tr>\n<th><strong>GARBAGE COMPARTMENT FEATURE<br \/>\n<\/strong><\/th>\n<td>IMPERTEX 420 TARPAULIN<\/td>\n<\/tr>\n<tr>\n<th><strong>\u00c7\u00d6P B\u00d6LME HACMI\u0307<br \/>\n<\/strong><\/th>\n<td>2 x 30 lt + 1 x 60 lt BRANDA, 1 ADET B\u00d6LME APARATI \u0130LE<\/td>\n<\/tr>\n<tr>\n<th><strong>TRASH COVER<br \/>\n<\/strong><\/th>\n<td>GARBAGE LID WITH DUTY CHART, COLOR LABEL TO CLASSIFY WASTE<\/td>\n<\/tr>\n<tr>\n<th><strong>CABINET STRUCTURE<br \/>\n<\/strong><\/th>\n<td>CLOSED ON 4 SIDES, CLOSING THE SHELF AND WASTE COMPARTMENT<\/td>\n<\/tr>\n<tr>\n<th><strong>CABINET DOORS<br \/>\n<\/strong><\/th>\n<td>2 X LARGE LID WITH MOVABLE LOCK, 1 X SMALL LID WITH MOVABLE LOCK, 3 X FIXED LID<\/td>\n<\/tr>\n<tr>\n<th><strong>NUMBER OF SHELVES<br \/>\n<\/strong><\/th>\n<td>1<\/td>\n<\/tr>\n<tr>\n<th><strong>SHELF STRUCTURE<br \/>\n<\/strong><\/th>\n<td>3 SIDES CLOSED 1 SIDE WITH MOVABLE LID 1 TOP SHELF<\/td>\n<\/tr>\n<tr>\n<th><strong>PUSH HANDLE<br \/>\n<\/strong><\/th>\n<td>UNILATERAL SEPARATION<\/td>\n<\/tr>\n<tr>\n<th><strong>CHECKING<br \/>\n<\/strong><\/th>\n<td>2 PIECES WITH SEPARATOR, LID AND STRAINER<\/td>\n<\/tr>\n<tr>\n<th><strong>CLEANING BUCKET<br \/>\n<\/strong><\/th>\n<td>4 PCS 6 LT. LIDS EMBEDDED IN THE UPPER BODY, WITH STRAINER<\/td>\n<\/tr>\n<tr>\n<th><strong>ACCESSORY SET<br \/>\n<\/strong><\/th>\n<td>MOP HOLDER, MOP MAT AND HANGING BRACKET<\/td>\n<\/tr>\n<\/table>\n","protected":false},"excerpt":{"rendered":"<p>Procart 1364<\/p>\n","protected":false},"featured_media":32794,"comment_status":"open","ping_status":"closed","template":"","meta":[],"product_brand":[],"product_cat":[377,360],"product_tag":[],"class_list":{"0":"post-34928","1":"product","2":"type-product","3":"status-publish","4":"has-post-thumbnail","6":"product_cat-cleaning-trolley","7":"product_cat-floor-equipment","9":"first","10":"instock","11":"shipping-taxable","12":"product-type-simple"},"_links":{"self":[{"href":"https:\/\/uyarotelekipmanlari.com\/en\/wp-json\/wp\/v2\/product\/34928","targetHints":{"allow":["GET"]}}],"collection":[{"href":"https:\/\/uyarotelekipmanlari.com\/en\/wp-json\/wp\/v2\/product"}],"about":[{"href":"https:\/\/uyarotelekipmanlari.com\/en\/wp-json\/wp\/v2\/types\/product"}],"replies":[{"embeddable":true,"href":"https:\/\/uyarotelekipmanlari.com\/en\/wp-json\/wp\/v2\/comments?post=34928"}],"version-history":[{"count":0,"href":"https:\/\/uyarotelekipmanlari.com\/en\/wp-json\/wp\/v2\/product\/34928\/revisions"}],"wp:featuredmedia":[{"embeddable":true,"href":"https:\/\/uyarotelekipmanlari.com\/en\/wp-json\/wp\/v2\/media\/32794"}],"wp:attachment":[{"href":"https:\/\/uyarotelekipmanlari.com\/en\/wp-json\/wp\/v2\/media?parent=34928"}],"wp:term":[{"taxonomy":"product_brand","embeddable":true,"href":"https:\/\/uyarotelekipmanlari.com\/en\/wp-json\/wp\/v2\/product_brand?post=34928"},{"taxonomy":"product_cat","embeddable":true,"href":"https:\/\/uyarotelekipmanlari.com\/en\/wp-json\/wp\/v2\/product_cat?post=34928"},{"taxonomy":"product_tag","embeddable":true,"href":"https:\/\/uyarotelekipmanlari.com\/en\/wp-json\/wp\/v2\/product_tag?post=34928"}],"curies":[{"name":"wp","href":"https:\/\/api.w.org\/{rel}","templated":true}]}}