{"id":34940,"date":"2025-03-05T13:14:34","date_gmt":"2025-03-05T13:14:34","guid":{"rendered":"https:\/\/uyarotelekipmanlari.com\/minibar-trolley-polypropylene\/"},"modified":"2025-03-05T13:14:34","modified_gmt":"2025-03-05T13:14:34","slug":"minibar-trolley-polypropylene","status":"publish","type":"product","link":"https:\/\/uyarotelekipmanlari.com\/en\/minibar-trolley-polypropylene\/","title":{"rendered":"Minibar Trolley Polypropylene"},"content":{"rendered":"<h2>Procart 277<\/h2>\n<p>It is preferred in the service services of businesses such as restaurants, hotels, schools and hospitals with narrower usage areas. It is resistant to impacts thanks to its silent, cushioned and braked wheels that can move easily. It offers the possibility of fixing on inclined planes with braked wheels. It provides fast and practical service with its flexible features. It makes your work easier with its modular and ergonomic structure. The complete body structure is made of plastic, allowing indoor and outdoor use, it is not affected in any way by cleaning with water and does not rust, the raw material of the product is Poly Propylene material resistant to chemical substances and heat.     <\/p>\n<h2>General Features<\/h2>\n<table border=\"1\" cellspacing=\"0\" cellpadding=\"5\">\n<tr>\n<th><strong>PRODUCT BODY STRUCTURE<br \/>\n<\/strong><\/th>\n<td>CPP BODY<\/td>\n<\/tr>\n<tr>\n<th><strong>PRODUCT BODY THICKNESS<br \/>\n<\/strong><\/th>\n<td>6 mm<\/td>\n<\/tr>\n<tr>\n<th><strong>PRODUCT DIMENSIONS (WIDTH, LENGTH, HEIGHT)<br \/>\n<\/strong><\/th>\n<td>54 x 108 x 135 cm<\/td>\n<\/tr>\n<tr>\n<th><strong>PRODUCT WEIGHT<br \/>\n<\/strong><\/th>\n<td>33 kg<\/td>\n<\/tr>\n<tr>\n<th><strong>TRANSPORT CAPACITY<br \/>\n<\/strong><\/th>\n<td>200 kg<\/td>\n<\/tr>\n<tr>\n<th><strong>WHEELS<br \/>\n<\/strong><\/th>\n<td>2 X \u00d8150 mm WITH BRAKE, 2 X \u00d8150 mm WITHOUT BRAKE, 1 X \u00d8150 MIDDLE, BODY PLASTIC, BACK RUBBER AND BUMPER<\/td>\n<\/tr>\n<tr>\n<th><strong>CABINET STRUCTURE<br \/>\n<\/strong><\/th>\n<td>CLOSED ON 4 SIDES CLOSING THE SHELF COMPARTMENT<\/td>\n<\/tr>\n<tr>\n<th><strong>CABINET DOORS<br \/>\n<\/strong><\/th>\n<td>6 X MOVABLE LOCKING LID, 12 X FIXED LID<\/td>\n<\/tr>\n<tr>\n<th><strong>NUMBER OF SHELVES<br \/>\n<\/strong><\/th>\n<td>4<\/td>\n<\/tr>\n<tr>\n<th><strong>SHELF STRUCTURE<br \/>\n<\/strong><\/th>\n<td>3 SHELVES WITH 3 FIXED DOORS ON 3 SIDES, 1 SHELF WITH MOVABLE DOORS ON 1 SIDE AND 1 TOP SHELF OPEN ON 4 SIDES<\/td>\n<\/tr>\n<tr>\n<th><strong>PUSH HANDLE<br \/>\n<\/strong><\/th>\n<td>BILATERAL SEPARATION POSSIBLE<\/td>\n<\/tr>\n<\/table>\n","protected":false},"excerpt":{"rendered":"<p>Procart 277<\/p>\n","protected":false},"featured_media":32740,"comment_status":"open","ping_status":"closed","template":"","meta":[],"product_brand":[],"product_cat":[360,383],"product_tag":[],"class_list":{"0":"post-34940","1":"product","2":"type-product","3":"status-publish","4":"has-post-thumbnail","6":"product_cat-floor-equipment","7":"product_cat-minibar-carts","9":"first","10":"instock","11":"shipping-taxable","12":"product-type-simple"},"_links":{"self":[{"href":"https:\/\/uyarotelekipmanlari.com\/en\/wp-json\/wp\/v2\/product\/34940","targetHints":{"allow":["GET"]}}],"collection":[{"href":"https:\/\/uyarotelekipmanlari.com\/en\/wp-json\/wp\/v2\/product"}],"about":[{"href":"https:\/\/uyarotelekipmanlari.com\/en\/wp-json\/wp\/v2\/types\/product"}],"replies":[{"embeddable":true,"href":"https:\/\/uyarotelekipmanlari.com\/en\/wp-json\/wp\/v2\/comments?post=34940"}],"version-history":[{"count":0,"href":"https:\/\/uyarotelekipmanlari.com\/en\/wp-json\/wp\/v2\/product\/34940\/revisions"}],"wp:featuredmedia":[{"embeddable":true,"href":"https:\/\/uyarotelekipmanlari.com\/en\/wp-json\/wp\/v2\/media\/32740"}],"wp:attachment":[{"href":"https:\/\/uyarotelekipmanlari.com\/en\/wp-json\/wp\/v2\/media?parent=34940"}],"wp:term":[{"taxonomy":"product_brand","embeddable":true,"href":"https:\/\/uyarotelekipmanlari.com\/en\/wp-json\/wp\/v2\/product_brand?post=34940"},{"taxonomy":"product_cat","embeddable":true,"href":"https:\/\/uyarotelekipmanlari.com\/en\/wp-json\/wp\/v2\/product_cat?post=34940"},{"taxonomy":"product_tag","embeddable":true,"href":"https:\/\/uyarotelekipmanlari.com\/en\/wp-json\/wp\/v2\/product_tag?post=34940"}],"curies":[{"name":"wp","href":"https:\/\/api.w.org\/{rel}","templated":true}]}}