{"id":36042,"date":"2025-10-02T09:26:12","date_gmt":"2025-10-02T09:26:12","guid":{"rendered":"https:\/\/uyarotelekipmanlari.com\/?post_type=product&#038;p=36042"},"modified":"2025-10-02T09:26:13","modified_gmt":"2025-10-02T09:26:13","slug":"yemek-servis-hatlari","status":"publish","type":"product","link":"https:\/\/uyarotelekipmanlari.com\/en\/yemek-servis-hatlari\/","title":{"rendered":"YEMEK SERV\u0130S HATLARI"},"content":{"rendered":"<p class=\"p1\">BENMAR\u0130, SO\u011eUTMALI SALATBAR<\/p>\n<p class=\"p1\">K\u00dcVER \u00dcN\u0130TEL\u0130,<\/p>\n<p class=\"p1\">\u0130STE\u011eE BA\u011eLI GRAN\u0130T<\/p>\n<p class=\"p1\">TEPS\u0130 KAYDIRMALI<\/p>\n<p class=\"p1\">\u00d6N AH\u015eAP DEKORASYONLU<\/p>\n<p class=\"p1\">\u0130STEN\u0130LEN \u00d6L\u00c7\u00dcDE \u00dcRET\u0130M \u0130MKANI<\/p>\n","protected":false},"excerpt":{"rendered":"<p class=\"p1\">BENMAR\u0130, SO\u011eUTMALI SALATBAR<\/p>\n<p class=\"p1\">K\u00dcVER \u00dcN\u0130TEL\u0130,<\/p>\n<p class=\"p1\">\u0130STE\u011eE BA\u011eLI GRAN\u0130T<\/p>\n<p class=\"p1\">TEPS\u0130 KAYDIRMALI<\/p>\n<p class=\"p1\">\u00d6N AH\u015eAP DEKORASYONLU<\/p>\n<p class=\"p1\">\u0130STEN\u0130LEN \u00d6L\u00c7\u00dcDE \u00dcRET\u0130M \u0130MKANI<\/p>\n","protected":false},"featured_media":36043,"comment_status":"open","ping_status":"closed","template":"","meta":[],"product_brand":[],"product_cat":[506,78],"product_tag":[],"class_list":{"0":"post-36042","1":"product","2":"type-product","3":"status-publish","4":"has-post-thumbnail","6":"product_cat-endustriyel-otel-ekipmaniari","7":"product_cat-mutfak-ekipmanlari","9":"first","10":"instock","11":"shipping-taxable","12":"product-type-simple"},"_links":{"self":[{"href":"https:\/\/uyarotelekipmanlari.com\/en\/wp-json\/wp\/v2\/product\/36042","targetHints":{"allow":["GET"]}}],"collection":[{"href":"https:\/\/uyarotelekipmanlari.com\/en\/wp-json\/wp\/v2\/product"}],"about":[{"href":"https:\/\/uyarotelekipmanlari.com\/en\/wp-json\/wp\/v2\/types\/product"}],"replies":[{"embeddable":true,"href":"https:\/\/uyarotelekipmanlari.com\/en\/wp-json\/wp\/v2\/comments?post=36042"}],"version-history":[{"count":2,"href":"https:\/\/uyarotelekipmanlari.com\/en\/wp-json\/wp\/v2\/product\/36042\/revisions"}],"predecessor-version":[{"id":36048,"href":"https:\/\/uyarotelekipmanlari.com\/en\/wp-json\/wp\/v2\/product\/36042\/revisions\/36048"}],"wp:featuredmedia":[{"embeddable":true,"href":"https:\/\/uyarotelekipmanlari.com\/en\/wp-json\/wp\/v2\/media\/36043"}],"wp:attachment":[{"href":"https:\/\/uyarotelekipmanlari.com\/en\/wp-json\/wp\/v2\/media?parent=36042"}],"wp:term":[{"taxonomy":"product_brand","embeddable":true,"href":"https:\/\/uyarotelekipmanlari.com\/en\/wp-json\/wp\/v2\/product_brand?post=36042"},{"taxonomy":"product_cat","embeddable":true,"href":"https:\/\/uyarotelekipmanlari.com\/en\/wp-json\/wp\/v2\/product_cat?post=36042"},{"taxonomy":"product_tag","embeddable":true,"href":"https:\/\/uyarotelekipmanlari.com\/en\/wp-json\/wp\/v2\/product_tag?post=36042"}],"curies":[{"name":"wp","href":"https:\/\/api.w.org\/{rel}","templated":true}]}}