{"id":36062,"date":"2025-10-02T10:12:55","date_gmt":"2025-10-02T10:12:55","guid":{"rendered":"https:\/\/uyarotelekipmanlari.com\/?post_type=product&#038;p=36062"},"modified":"2026-03-12T08:44:34","modified_gmt":"2026-03-12T08:44:34","slug":"kuzineler-ve-yer-ocaklari","status":"publish","type":"product","link":"https:\/\/uyarotelekipmanlari.com\/ru\/kuzineler-ve-yer-ocaklari\/","title":{"rendered":"KUZ\u0130NELER VE YER OCAKLARI"},"content":{"rendered":"<p class=\"p1\">KUZ\u0130NE GAZLI<\/p>\n<p class=\"p1\">2 G\u00d6ZL\u00dc 1 FIRINLI KUZ\u0130NE<\/p>\n<p class=\"p1\">100X70X85 \u00d6L\u00c7\u00dcLER\u0130NDE<\/p>\n<p class=\"p1\">(GAZLI)<\/p>\n<p class=\"p1\">3 G\u00d6ZL\u00dc 1 FIRINLI KUZ\u0130NE<\/p>\n<p class=\"p1\">150X70X85 \u00d6L\u00c7\u00dcLER\u0130NDE<\/p>\n<p class=\"p1\">(GAZLI)<\/p>\n<p class=\"p1\">4 G\u00d6ZL\u00dc 1 FIRINLI KUZ\u0130NE<\/p>\n<p class=\"p1\">100X100X85 \u00d6L\u00c7\u00dcLER\u0130NDE<\/p>\n<p class=\"p1\">80X80X85 \u00d6L\u00c7\u00dcLER\u0130NDE<\/p>\n<p class=\"p1\">(GAZLI)<\/p>\n<p class=\"p1\">6 G\u00d6ZL\u00dc 1 FIRINLI KUZ\u0130NE<\/p>\n<p class=\"p1\">150X100X85 \u00d6L\u00c7\u00dcLER\u0130NDE<\/p>\n<p class=\"p1\">(GAZLI)<\/p>\n","protected":false},"excerpt":{"rendered":"<p class=\"p1\">KUZ\u0130NE GAZLI<\/p>\n<p class=\"p1\">2 G\u00d6ZL\u00dc 1 FIRINLI KUZ\u0130NE<\/p>\n<p class=\"p1\">100X70X85 \u00d6L\u00c7\u00dcLER\u0130NDE<\/p>\n<p class=\"p1\">(GAZLI)<\/p>\n<p class=\"p1\">3 G\u00d6ZL\u00dc 1 FIRINLI KUZ\u0130NE<\/p>\n<p class=\"p1\">150X70X85 \u00d6L\u00c7\u00dcLER\u0130NDE<\/p>\n<p class=\"p1\">(GAZLI)<\/p>\n<p class=\"p1\">4 G\u00d6ZL\u00dc 1 FIRINLI KUZ\u0130NE<\/p>\n<p class=\"p1\">100X100X85 \u00d6L\u00c7\u00dcLER\u0130NDE<\/p>\n<p class=\"p1\">80X80X85 \u00d6L\u00c7\u00dcLER\u0130NDE<\/p>\n<p class=\"p1\">(GAZLI)<\/p>\n<p class=\"p1\">6 G\u00d6ZL\u00dc 1 FIRINLI KUZ\u0130NE<\/p>\n<p class=\"p1\">150X100X85 \u00d6L\u00c7\u00dcLER\u0130NDE<\/p>\n<p class=\"p1\">(GAZLI)<\/p>\n","protected":false},"featured_media":36075,"comment_status":"open","ping_status":"closed","template":"","meta":[],"product_brand":[],"product_cat":[78,506],"product_tag":[],"class_list":{"0":"post-36062","1":"product","2":"type-product","3":"status-publish","4":"has-post-thumbnail","6":"product_cat-mutfak-ekipmanlari","7":"product_cat-endustriyel-otel-ekipmaniari","9":"first","10":"instock","11":"shipping-taxable","12":"product-type-simple"},"_links":{"self":[{"href":"https:\/\/uyarotelekipmanlari.com\/ru\/wp-json\/wp\/v2\/product\/36062","targetHints":{"allow":["GET"]}}],"collection":[{"href":"https:\/\/uyarotelekipmanlari.com\/ru\/wp-json\/wp\/v2\/product"}],"about":[{"href":"https:\/\/uyarotelekipmanlari.com\/ru\/wp-json\/wp\/v2\/types\/product"}],"replies":[{"embeddable":true,"href":"https:\/\/uyarotelekipmanlari.com\/ru\/wp-json\/wp\/v2\/comments?post=36062"}],"version-history":[{"count":2,"href":"https:\/\/uyarotelekipmanlari.com\/ru\/wp-json\/wp\/v2\/product\/36062\/revisions"}],"predecessor-version":[{"id":36321,"href":"https:\/\/uyarotelekipmanlari.com\/ru\/wp-json\/wp\/v2\/product\/36062\/revisions\/36321"}],"wp:featuredmedia":[{"embeddable":true,"href":"https:\/\/uyarotelekipmanlari.com\/ru\/wp-json\/wp\/v2\/media\/36075"}],"wp:attachment":[{"href":"https:\/\/uyarotelekipmanlari.com\/ru\/wp-json\/wp\/v2\/media?parent=36062"}],"wp:term":[{"taxonomy":"product_brand","embeddable":true,"href":"https:\/\/uyarotelekipmanlari.com\/ru\/wp-json\/wp\/v2\/product_brand?post=36062"},{"taxonomy":"product_cat","embeddable":true,"href":"https:\/\/uyarotelekipmanlari.com\/ru\/wp-json\/wp\/v2\/product_cat?post=36062"},{"taxonomy":"product_tag","embeddable":true,"href":"https:\/\/uyarotelekipmanlari.com\/ru\/wp-json\/wp\/v2\/product_tag?post=36062"}],"curies":[{"name":"wp","href":"https:\/\/api.w.org\/{rel}","templated":true}]}}