{"id":37304,"date":"2026-05-12T10:20:22","date_gmt":"2026-05-12T10:20:22","guid":{"rendered":"https:\/\/uyarotelekipmanlari.com\/?post_type=product&#038;p=37304"},"modified":"2026-05-12T10:22:50","modified_gmt":"2026-05-12T10:22:50","slug":"marla-prime-l-15-otel-tipi-laptop-ebat-elektronik-para-kasasi","status":"publish","type":"product","link":"https:\/\/uyarotelekipmanlari.com\/ru\/marla-prime-l-15-otel-tipi-laptop-ebat-elektronik-para-kasasi\/","title":{"rendered":"MARLA PR\u0130ME L-15 Otel Tipi Laptop Ebat Elektronik Para Kasas\u0131"},"content":{"rendered":"<h2 data-section-id=\"41zlzk\" data-start=\"149\" data-end=\"167\">K\u0131sa A\u00e7\u0131klama<\/h2>\n<p data-start=\"168\" data-end=\"523\"><strong data-start=\"168\" data-end=\"188\">MARLA PR\u0130ME L-15<\/strong>, otel odalar\u0131nda misafirlerin de\u011ferli e\u015fyalar\u0131n\u0131, nakitlerini, pasaportlar\u0131n\u0131 ve 15 in\u00e7 boyutuna kadar laptoplar\u0131n\u0131 g\u00fcvenle muhafaza edebilmeleri i\u00e7in tasarlanm\u0131\u015f elektronik para kasas\u0131d\u0131r. Kompakt yap\u0131s\u0131, kullan\u0131c\u0131 dostu \u015fifre sistemi ve geli\u015fmi\u015f g\u00fcvenlik \u00f6zellikleriyle otel, rezidans ve konaklama tesisleri i\u00e7in ideal bir \u00e7\u00f6z\u00fcmd\u00fcr.<\/p>\n<h2 data-section-id=\"h38tba\" data-start=\"525\" data-end=\"545\">\u00dcr\u00fcn A\u00e7\u0131klamas\u0131<\/h2>\n<p data-start=\"546\" data-end=\"824\">MARLA PR\u0130ME L-15 Otel Tipi Elektronik Para Kasas\u0131, modern otel odalar\u0131 i\u00e7in g\u00fcvenlik, kullan\u0131m kolayl\u0131\u011f\u0131 ve dayan\u0131kl\u0131l\u0131\u011f\u0131 bir arada sunar. 3-6 rakaml\u0131 m\u00fc\u015fteri kodu ile kilitleme ve a\u00e7ma \u00f6zelli\u011fi sayesinde misafirler kendi \u00f6zel \u015fifrelerini kullanarak kasay\u0131 g\u00fcvenle kullanabilir.<\/p>\n<p data-start=\"826\" data-end=\"1061\">Pil bitmesi veya acil durumlarda kasa, <strong data-start=\"865\" data-end=\"892\">acil a\u00e7ma aparat\u0131 (CEU)<\/strong> veya <strong data-start=\"898\" data-end=\"922\">mekanik pas anahtar\u0131<\/strong> ile d\u0131\u015far\u0131dan m\u00fcdahale edilerek a\u00e7\u0131labilir. 4 hatal\u0131 \u015fifre giri\u015finden sonra 15 dakika boyunca kendini bloke ederek ekstra g\u00fcvenlik sa\u011flar.<\/p>\n<p data-start=\"1063\" data-end=\"1393\">Servo motor teknolojisi sayesinde d\u00fc\u015f\u00fck pil t\u00fcketimi sunan \u00fcr\u00fcn, 4 adet 1,5 V alkaline kalem pil ile \u00e7al\u0131\u015f\u0131r. Kasa i\u00e7erisinde kaymaz hal\u0131flex zemin, i\u00e7 ayd\u0131nlatma ve otomatik yayl\u0131 kapak a\u00e7\u0131l\u0131m\u0131 bulunur. Ayr\u0131ca el terminali ile kasan\u0131n a\u00e7\u0131l\u0131p kapanmas\u0131 ve kasa \u00fczerinde yap\u0131lan son 200 i\u015flem kayd\u0131n\u0131n d\u00f6k\u00fcm\u00fcn\u00fcn al\u0131nmas\u0131 m\u00fcmk\u00fcnd\u00fcr.<\/p>\n<h2 data-section-id=\"11ujo03\" data-start=\"1395\" data-end=\"1417\">Teknik \u00d6zellikler<\/h2>\n<div class=\"TyagGW_tableContainer\">\n<div class=\"group TyagGW_tableWrapper flex flex-col-reverse w-fit\" tabindex=\"-1\">\n<table class=\"w-fit min-w-(--thread-content-width)\" data-start=\"1419\" data-end=\"2103\">\n<thead data-start=\"1419\" data-end=\"1438\">\n<tr data-start=\"1419\" data-end=\"1438\">\n<th class=\"last:pe-10\" data-start=\"1419\" data-end=\"1429\" data-col-size=\"sm\">\u00d6zellik<\/th>\n<th class=\"last:pe-10\" data-start=\"1429\" data-end=\"1438\" data-col-size=\"md\">Detay<\/th>\n<\/tr>\n<\/thead>\n<tbody data-start=\"1449\" data-end=\"2103\">\n<tr data-start=\"1449\" data-end=\"1483\">\n<td data-start=\"1449\" data-end=\"1463\" data-col-size=\"sm\">\u00dcr\u00fcn Modeli<\/td>\n<td data-col-size=\"md\" data-start=\"1463\" data-end=\"1483\">MARLA PR\u0130ME L-15<\/td>\n<\/tr>\n<tr data-start=\"1484\" data-end=\"1532\">\n<td data-start=\"1484\" data-end=\"1496\" data-col-size=\"sm\">\u00dcr\u00fcn Tipi<\/td>\n<td data-col-size=\"md\" data-start=\"1496\" data-end=\"1532\">Otel Tipi Elektronik Para Kasas\u0131<\/td>\n<\/tr>\n<tr data-start=\"1533\" data-end=\"1584\">\n<td data-start=\"1533\" data-end=\"1553\" data-col-size=\"sm\">Laptop Uyumlulu\u011fu<\/td>\n<td data-col-size=\"md\" data-start=\"1553\" data-end=\"1584\">15 in\u00e7 laptop ebat\u0131na uygun<\/td>\n<\/tr>\n<tr data-start=\"1585\" data-end=\"1629\">\n<td data-start=\"1585\" data-end=\"1595\" data-col-size=\"sm\">\u00d6l\u00e7\u00fcler<\/td>\n<td data-col-size=\"md\" data-start=\"1595\" data-end=\"1629\">200 \u00d7 420 \u00d7 370 mm \/ Y \u00d7 G \u00d7 D<\/td>\n<\/tr>\n<tr data-start=\"1630\" data-end=\"1678\">\n<td data-start=\"1630\" data-end=\"1650\" data-col-size=\"sm\">Kilitleme Sistemi<\/td>\n<td data-col-size=\"md\" data-start=\"1650\" data-end=\"1678\">3-6 rakaml\u0131 m\u00fc\u015fteri kodu<\/td>\n<\/tr>\n<tr data-start=\"1679\" data-end=\"1742\">\n<td data-start=\"1679\" data-end=\"1691\" data-col-size=\"sm\">Acil A\u00e7ma<\/td>\n<td data-col-size=\"md\" data-start=\"1691\" data-end=\"1742\">CEU acil a\u00e7ma aparat\u0131 veya mekanik pas anahtar\u0131<\/td>\n<\/tr>\n<tr data-start=\"1743\" data-end=\"1810\">\n<td data-start=\"1743\" data-end=\"1762\" data-col-size=\"sm\">G\u00fcvenlik Blokaj\u0131<\/td>\n<td data-col-size=\"md\" data-start=\"1762\" data-end=\"1810\">4 hatal\u0131 i\u015flemden sonra 15 dakika bloke olur<\/td>\n<\/tr>\n<tr data-start=\"1811\" data-end=\"1862\">\n<td data-start=\"1811\" data-end=\"1827\" data-col-size=\"sm\">Motor Sistemi<\/td>\n<td data-start=\"1827\" data-end=\"1862\" data-col-size=\"md\">D\u00fc\u015f\u00fck pil t\u00fcketimli servo motor<\/td>\n<\/tr>\n<tr data-start=\"1863\" data-end=\"1912\">\n<td data-start=\"1863\" data-end=\"1877\" data-col-size=\"sm\">G\u00fc\u00e7 Kayna\u011f\u0131<\/td>\n<td data-start=\"1877\" data-end=\"1912\" data-col-size=\"md\">4 adet 1,5 V alkaline kalem pil<\/td>\n<\/tr>\n<tr data-start=\"1913\" data-end=\"1951\">\n<td data-start=\"1913\" data-end=\"1924\" data-col-size=\"sm\">\u0130\u00e7 Zemin<\/td>\n<td data-start=\"1924\" data-end=\"1951\" data-col-size=\"md\">Kaymaz hal\u0131flex kaplama<\/td>\n<\/tr>\n<tr data-start=\"1952\" data-end=\"1975\">\n<td data-start=\"1952\" data-end=\"1968\" data-col-size=\"sm\">\u0130\u00e7 Ayd\u0131nlatma<\/td>\n<td data-start=\"1968\" data-end=\"1975\" data-col-size=\"md\">Var<\/td>\n<\/tr>\n<tr data-start=\"1976\" data-end=\"2024\">\n<td data-start=\"1976\" data-end=\"1992\" data-col-size=\"sm\">Kapak Sistemi<\/td>\n<td data-start=\"1992\" data-end=\"2024\" data-col-size=\"md\">Otomatik yayl\u0131 kapak a\u00e7\u0131l\u0131m\u0131<\/td>\n<\/tr>\n<tr data-start=\"2025\" data-end=\"2053\">\n<td data-start=\"2025\" data-end=\"2046\" data-col-size=\"sm\">El Terminali Uyumu<\/td>\n<td data-start=\"2046\" data-end=\"2053\" data-col-size=\"md\">Var<\/td>\n<\/tr>\n<tr data-start=\"2054\" data-end=\"2103\">\n<td data-start=\"2054\" data-end=\"2068\" data-col-size=\"sm\">\u0130\u015flem Kayd\u0131<\/td>\n<td data-start=\"2068\" data-end=\"2103\" data-col-size=\"md\">Son 200 i\u015flem d\u00f6k\u00fcm\u00fc al\u0131nabilir<\/td>\n<\/tr>\n<\/tbody>\n<\/table>\n<\/div>\n<\/div>\n<h2 data-section-id=\"o5fot6\" data-start=\"2105\" data-end=\"2130\">\u00d6ne \u00c7\u0131kan \u00d6zellikler<\/h2>\n<ul data-start=\"2132\" data-end=\"2603\">\n<li data-section-id=\"10x748s\" data-start=\"2132\" data-end=\"2178\">15 in\u00e7 laptop ebat\u0131na uygun geni\u015f i\u00e7 hacim<\/li>\n<li data-section-id=\"fey9n6\" data-start=\"2179\" data-end=\"2232\">Otel odalar\u0131 i\u00e7in g\u00fcvenli elektronik kasa sistemi<\/li>\n<li data-section-id=\"1xmm11f\" data-start=\"2233\" data-end=\"2282\">3-6 haneli m\u00fc\u015fteri \u015fifresi ile kolay kullan\u0131m<\/li>\n<li data-section-id=\"1xq1dzg\" data-start=\"2283\" data-end=\"2342\">Acil durumlarda CEU veya mekanik anahtar ile a\u00e7\u0131labilme<\/li>\n<li data-section-id=\"1ofxy60\" data-start=\"2343\" data-end=\"2397\">4 hatal\u0131 giri\u015ften sonra 15 dakika g\u00fcvenlik blokaj\u0131<\/li>\n<li data-section-id=\"kgyjnt\" data-start=\"2398\" data-end=\"2445\">D\u00fc\u015f\u00fck pil t\u00fcketimli servo motor teknolojisi<\/li>\n<li data-section-id=\"gycuuc\" data-start=\"2446\" data-end=\"2500\">\u0130\u00e7 ayd\u0131nlatmal\u0131 ve kaymaz zeminli kasa i\u00e7i tasar\u0131m<\/li>\n<li data-section-id=\"zkancs\" data-start=\"2501\" data-end=\"2533\">Otomatik yayl\u0131 kapak a\u00e7\u0131l\u0131m\u0131<\/li>\n<li data-section-id=\"1qb5c8c\" data-start=\"2534\" data-end=\"2603\">El terminali ile a\u00e7ma-kapama ve son 200 i\u015flem kayd\u0131 alma \u00f6zelli\u011fi<\/li>\n<\/ul>\n","protected":false},"excerpt":{"rendered":"<p>K\u0131sa A\u00e7\u0131klama MARLA PR\u0130ME L-15, otel odalar\u0131nda misafirlerin de\u011ferli e\u015fyalar\u0131n\u0131, nakitlerini, pasaportlar\u0131n\u0131 ve 15 in\u00e7 boyutuna kadar laptoplar\u0131n\u0131 g\u00fcvenle muhafaza<\/p>\n","protected":false},"featured_media":37309,"comment_status":"open","ping_status":"closed","template":"","meta":[],"product_brand":[],"product_cat":[72,83],"product_tag":[],"class_list":{"0":"post-37304","1":"product","2":"type-product","3":"status-publish","4":"has-post-thumbnail","6":"product_cat-oda-ici-ekipmanlar","7":"product_cat-celik-kasa","9":"first","10":"instock","11":"shipping-taxable","12":"product-type-simple"},"_links":{"self":[{"href":"https:\/\/uyarotelekipmanlari.com\/ru\/wp-json\/wp\/v2\/product\/37304","targetHints":{"allow":["GET"]}}],"collection":[{"href":"https:\/\/uyarotelekipmanlari.com\/ru\/wp-json\/wp\/v2\/product"}],"about":[{"href":"https:\/\/uyarotelekipmanlari.com\/ru\/wp-json\/wp\/v2\/types\/product"}],"replies":[{"embeddable":true,"href":"https:\/\/uyarotelekipmanlari.com\/ru\/wp-json\/wp\/v2\/comments?post=37304"}],"version-history":[{"count":1,"href":"https:\/\/uyarotelekipmanlari.com\/ru\/wp-json\/wp\/v2\/product\/37304\/revisions"}],"predecessor-version":[{"id":37313,"href":"https:\/\/uyarotelekipmanlari.com\/ru\/wp-json\/wp\/v2\/product\/37304\/revisions\/37313"}],"wp:featuredmedia":[{"embeddable":true,"href":"https:\/\/uyarotelekipmanlari.com\/ru\/wp-json\/wp\/v2\/media\/37309"}],"wp:attachment":[{"href":"https:\/\/uyarotelekipmanlari.com\/ru\/wp-json\/wp\/v2\/media?parent=37304"}],"wp:term":[{"taxonomy":"product_brand","embeddable":true,"href":"https:\/\/uyarotelekipmanlari.com\/ru\/wp-json\/wp\/v2\/product_brand?post=37304"},{"taxonomy":"product_cat","embeddable":true,"href":"https:\/\/uyarotelekipmanlari.com\/ru\/wp-json\/wp\/v2\/product_cat?post=37304"},{"taxonomy":"product_tag","embeddable":true,"href":"https:\/\/uyarotelekipmanlari.com\/ru\/wp-json\/wp\/v2\/product_tag?post=37304"}],"curies":[{"name":"wp","href":"https:\/\/api.w.org\/{rel}","templated":true}]}}